{"id":4350,"date":"2015-08-18T17:36:46","date_gmt":"2015-08-18T15:36:46","guid":{"rendered":"http:\/\/medien-partner.net\/web\/wp\/?page_id=4350"},"modified":"2026-04-01T07:23:14","modified_gmt":"2026-04-01T05:23:14","slug":"luftaufnahmen-fuer-gewerbekunden","status":"publish","type":"page","link":"https:\/\/medien-partner.net\/web\/wp\/luftaufnahmen-fuer-gewerbekunden\/","title":{"rendered":"Luftaufnahmen f\u00fcr Gewerbekunden"},"content":{"rendered":"<!--themify_builder_content-->\n<div id=\"themify_builder_content-4350\" data-postid=\"4350\" class=\"themify_builder_content themify_builder_content-4350 themify_builder tf_clear\">\n                    <div  data-parallax-bg=\"desktop\" data-lazy=\"1\" class=\"module_row themify_builder_row tb_fln3046 tb_first tf_w\">\n                        <div class=\"row_inner col_align_top tb_col_count_1 tf_box tf_rel\">\n                        <div  data-lazy=\"1\" class=\"module_column tb-column col-full  tb_qu0i066 first\">\n                    <!-- module text -->\n<div  class=\"module module-text tb_sm53000   \" data-lazy=\"1\">\n        <div  class=\"tb_text_wrap\">\n        <div class=\"entry-summary\"><h1>Luftaufnahmen f\u00fcr Gewerbekunden<\/h1><p>Bilder aus einer anderen, spannenden Perspektive, das ist es, was ins Auge sticht, wenn Kunden Ihre Website besuchen oder Ihre Werbung in der Hand halten. Deshalb hat mikro-kopter.net ein Angebot f\u00fcr Sie zusammen gestellt, das Sie \u00fcberzeugen wird.<br \/> Wir kommen terminlich abgestimmt zu Ihnen, besprechen vor Ort welche Punkte angeflogen werden sollen und setzen im Anschluss das Besprochene in die Tat um. Dabei k\u00f6nnen Sie zu jeder Zeit am Boden auf einem Display das Live-Bild des Mikro-Kopters verfolgen. So produzieren wir gemeinsam ihr Bild, wie sie es sich vorstellen \u2013 und das deutlich preiswerter als es mit einem Hubschrauber oder Kleinflugzeug m\u00f6glich ist.<\/p><\/div>    <\/div>\n<\/div>\n<!-- \/module text -->        <div  data-lazy=\"1\" class=\"module_subrow themify_builder_sub_row tf_w col_align_top tb_col_count_2 tb_4dhn460\">\n                <div  data-lazy=\"1\" class=\"module_column sub_column col4-2  tb_dro2103 first\">\n                    <!-- module text -->\n<div  class=\"module module-text tb_ir06606   \" data-lazy=\"1\">\n    <h3 class=\"module-title\">Leistungen und Preise<\/h3>    <div  class=\"tb_text_wrap\">\n        <table>\n<tr>\n<td height=\"250\" valign=\"top\">\nFirmenfoto- &amp; Videografie: ab 299,00 \u20ac netto<br \/>\n\u2022 alle Aufnahmen, die w\u00e4hrend eines 15-20 min\u00fctigen Fluges entstehen, aus bis zu drei verschiedenen Ansichtspunkten<br \/>\n\u2022 Daten auf CD\/DVD mit uneingeschr\u00e4nktem Nutzungsrecht<br \/>\n\u2022 Anfahrt bis 25 km frei, Aufpreis je weiterem Fahrkilometer 0,55 \u20ac netto\n<\/td>\n<\/tr>\n<\/table>\n    <\/div>\n<\/div>\n<!-- \/module text -->        <\/div>\n                    <div  data-lazy=\"1\" class=\"module_column sub_column col4-2  tb_2ekn260 last\">\n                    <!-- module text -->\n<div  class=\"module module-text tb_pflh040   \" data-lazy=\"1\">\n    <h3 class=\"module-title\">Fotoabz\u00fcge und Sonderkonditionen<\/h3>    <div  class=\"tb_text_wrap\">\n        <table>\n<tr>\n<td height=\"250\" valign=\"top\">\nFotoabz\u00fcge: auf Anfrage<br \/>\nSonderkonditionen f\u00fcr Gro\u00dfauftr\u00e4ge: auf Anfrage\n<\/td>\n<\/tr>\n<\/table>\n    <\/div>\n<\/div>\n<!-- \/module text -->        <\/div>\n                    <\/div>\n        <!-- module divider -->\n<div  class=\"module tf_mw module-divider tb_qdq9640 solid   \" style=\"border-width: 0px;\" data-lazy=\"1\">\n    <\/div>\n<!-- \/module divider -->\n<!-- module gallery -->\n<div  class=\"module gallery module-gallery tb_tqzo011 layout-lightboxed rounded \" data-lazy=\"1\">\n    <h3 class=\"module-title\">BEISPIELE F\u00dcR GEWERBLICHE LUFTBILDAUFNAHMEN<\/h3>    <dl class=\"gallery-item tf_hidden\">\n                    <dt class=\"gallery-icon\">\n                <a data-title=\"\" href=\"https:\/\/medien-partner.net\/web\/wp\/wp-content\/uploads\/2015\/07\/g_zgtahj_2.jpg\" title=\"g_wws_2\" data-rel=\"tb_tqzo011\" class=\"themify_lightbox\" data-t=\"g_zgtahj_2\">\n        \n                <img loading=\"lazy\" decoding=\"async\" src=\"http:\/\/medien-partner.net\/web\/wp\/wp-content\/uploads\/2015\/07\/g_wws_2.jpg\" width=\"1000\" height=\"667\" title=\"Luftaufnahmen f\u00fcr Gewerbekunden\" alt=\"Luftaufnahmen f\u00fcr Gewerbekunden\">\n                        <\/a>\n            <\/dt>\n                    <\/dl>\n\n    <dl class=\"gallery-item\" style=\"display:none\">\n                    <dt class=\"gallery-icon\">\n                <a data-title=\"\" href=\"https:\/\/medien-partner.net\/web\/wp\/wp-content\/uploads\/2015\/07\/g_wws_sc_6.jpg\" title=\"g_wws_sc_6\" data-rel=\"tb_tqzo011\" class=\"themify_lightbox\">\n        \n                1000\n                        <\/a>\n            <\/dt>\n                    <\/dl>\n\n    <dl class=\"gallery-item\" style=\"display:none\">\n                    <dt class=\"gallery-icon\">\n                <a data-title=\"\" href=\"https:\/\/medien-partner.net\/web\/wp\/wp-content\/uploads\/2015\/07\/g_wws_sc_4.jpg\" title=\"g_wws_sc_4\" data-rel=\"tb_tqzo011\" class=\"themify_lightbox\">\n        \n                1000\n                        <\/a>\n            <\/dt>\n                    <\/dl>\n\n    <dl class=\"gallery-item\" style=\"display:none\">\n                    <dt class=\"gallery-icon\">\n                <a data-title=\"\" href=\"https:\/\/medien-partner.net\/web\/wp\/wp-content\/uploads\/2015\/07\/g_wws_sc_2.jpg\" title=\"g_wws_sc_2\" data-rel=\"tb_tqzo011\" class=\"themify_lightbox\">\n        \n                1000\n                        <\/a>\n            <\/dt>\n                    <\/dl>\n\n    <dl class=\"gallery-item\" style=\"display:none\">\n                    <dt class=\"gallery-icon\">\n                <a data-title=\"\" href=\"https:\/\/medien-partner.net\/web\/wp\/wp-content\/uploads\/2015\/07\/g_wws_5.jpg\" title=\"g_wws_5\" data-rel=\"tb_tqzo011\" class=\"themify_lightbox\">\n        \n                1000\n                        <\/a>\n            <\/dt>\n                    <\/dl>\n\n    <dl class=\"gallery-item\" style=\"display:none\">\n                    <dt class=\"gallery-icon\">\n                <a data-title=\"\" href=\"https:\/\/medien-partner.net\/web\/wp\/wp-content\/uploads\/2015\/07\/g_wws_4.jpg\" title=\"g_wws_4\" data-rel=\"tb_tqzo011\" class=\"themify_lightbox\">\n        \n                1000\n                        <\/a>\n            <\/dt>\n                    <\/dl>\n\n    <dl class=\"gallery-item\" style=\"display:none\">\n                    <dt class=\"gallery-icon\">\n                <a data-title=\"\" href=\"https:\/\/medien-partner.net\/web\/wp\/wp-content\/uploads\/2015\/07\/g_wws_2.jpg\" title=\"g_wws_2\" data-rel=\"tb_tqzo011\" class=\"themify_lightbox\">\n        \n                1000\n                        <\/a>\n            <\/dt>\n                    <\/dl>\n\n    <dl class=\"gallery-item\" style=\"display:none\">\n                    <dt class=\"gallery-icon\">\n                <a data-title=\"\" href=\"https:\/\/medien-partner.net\/web\/wp\/wp-content\/uploads\/2015\/07\/g_wws_1.jpg\" title=\"g_wws_1\" data-rel=\"tb_tqzo011\" class=\"themify_lightbox\">\n        \n                1000\n                        <\/a>\n            <\/dt>\n                    <\/dl>\n\n    <dl class=\"gallery-item\" style=\"display:none\">\n                    <dt class=\"gallery-icon\">\n                <a data-title=\"\" href=\"https:\/\/medien-partner.net\/web\/wp\/wp-content\/uploads\/2015\/07\/g_grafe_31.jpg\" title=\"g_grafe_31\" data-rel=\"tb_tqzo011\" class=\"themify_lightbox\">\n        \n                1000\n                        <\/a>\n            <\/dt>\n                    <\/dl>\n\n    <dl class=\"gallery-item\" style=\"display:none\">\n                    <dt class=\"gallery-icon\">\n                <a data-title=\"\" href=\"https:\/\/medien-partner.net\/web\/wp\/wp-content\/uploads\/2015\/07\/g_grafe_3.jpg\" title=\"g_grafe_3\" data-rel=\"tb_tqzo011\" class=\"themify_lightbox\">\n        \n                1000\n                        <\/a>\n            <\/dt>\n                    <\/dl>\n\n    <dl class=\"gallery-item\" style=\"display:none\">\n                    <dt class=\"gallery-icon\">\n                <a data-title=\"\" href=\"https:\/\/medien-partner.net\/web\/wp\/wp-content\/uploads\/2015\/07\/g_grafe_1.jpg\" title=\"g_grafe_1\" data-rel=\"tb_tqzo011\" class=\"themify_lightbox\">\n        \n                1000\n                        <\/a>\n            <\/dt>\n                    <\/dl>\n\n    <dl class=\"gallery-item\" style=\"display:none\">\n                    <dt class=\"gallery-icon\">\n                <a data-title=\"\" href=\"https:\/\/medien-partner.net\/web\/wp\/wp-content\/uploads\/2015\/07\/g_golfplatzblh_11.jpg\" title=\"g_golfplatzblh_11\" data-rel=\"tb_tqzo011\" class=\"themify_lightbox\">\n        \n                1000\n                        <\/a>\n            <\/dt>\n                    <\/dl>\n\n    <dl class=\"gallery-item\" style=\"display:none\">\n                    <dt class=\"gallery-icon\">\n                <a data-title=\"\" href=\"https:\/\/medien-partner.net\/web\/wp\/wp-content\/uploads\/2015\/07\/g_golfplatzblh_4.jpg\" title=\"g_golfplatzblh_4\" data-rel=\"tb_tqzo011\" class=\"themify_lightbox\">\n        \n                1000\n                        <\/a>\n            <\/dt>\n                    <\/dl>\n\n    <dl class=\"gallery-item\" style=\"display:none\">\n                    <dt class=\"gallery-icon\">\n                <a data-title=\"\" href=\"https:\/\/medien-partner.net\/web\/wp\/wp-content\/uploads\/2015\/07\/g_golfplatzblh_3.jpg\" title=\"g_golfplatzblh_3\" data-rel=\"tb_tqzo011\" class=\"themify_lightbox\">\n        \n                1000\n                        <\/a>\n            <\/dt>\n                    <\/dl>\n\n    <dl class=\"gallery-item\" style=\"display:none\">\n                    <dt class=\"gallery-icon\">\n                <a data-title=\"\" href=\"https:\/\/medien-partner.net\/web\/wp\/wp-content\/uploads\/2015\/07\/g_golfplatzblh_2.jpg\" title=\"g_golfplatzblh_2\" data-rel=\"tb_tqzo011\" class=\"themify_lightbox\">\n        \n                1000\n                        <\/a>\n            <\/dt>\n                    <\/dl>\n\n    <dl class=\"gallery-item\" style=\"display:none\">\n                    <dt class=\"gallery-icon\">\n                <a data-title=\"\" href=\"https:\/\/medien-partner.net\/web\/wp\/wp-content\/uploads\/2015\/07\/g_golfplatzblh_1.jpg\" title=\"g_golfplatzblh_1\" data-rel=\"tb_tqzo011\" class=\"themify_lightbox\">\n        \n                1000\n                        <\/a>\n            <\/dt>\n                    <\/dl>\n\n<\/div>\n<!-- \/module gallery --><!-- module text -->\n<div  class=\"module module-text tb_ohbh431   \" data-lazy=\"1\">\n        <div  class=\"tb_text_wrap\">\n        <p><em>Unsere Preise beinhalten die Miete f\u00fcr einen Mikro-Kopter und das Honorar f\u00fcr Pilot und ggf. Kameramann im gebuchten Zeitraum. Flughaftp\u0083ichtversicherung, Betriebshaftp\u0083ichtversicherung sowie Aufstiegsgenehmigungen sind ebenfalls inbegriffen. Bitte beachten Sie, dass wir nicht \u00fcber Menschenansammlungen und gro\u00dfe Wasserfl\u0083\u00e4chen \u0083fliegen.<\/em><\/p>    <\/div>\n<\/div>\n<!-- \/module text -->        <\/div>\n                        <\/div>\n        <\/div>\n        <\/div>\n<!--\/themify_builder_content-->","protected":false},"excerpt":{"rendered":"<p>Luftaufnahmen f\u00fcr Gewerbekunden Bilder aus einer anderen, spannenden Perspektive, das ist es, was ins Auge sticht, wenn Kunden Ihre Website besuchen oder Ihre Werbung in der Hand halten. Deshalb hat mikro-kopter.net ein Angebot f\u00fcr Sie zusammen gestellt, das Sie \u00fcberzeugen wird. Wir kommen terminlich abgestimmt zu Ihnen, besprechen vor Ort welche Punkte angeflogen werden sollen [&hellip;]<\/p>\n","protected":false},"author":1,"featured_media":0,"parent":0,"menu_order":0,"comment_status":"closed","ping_status":"closed","template":"","meta":{"footnotes":""},"class_list":["post-4350","page","type-page","status-publish","hentry","has-post-title","has-post-date","has-post-category","has-post-tag","has-post-comment","has-post-author",""],"builder_content":"<h1>Luftaufnahmen f\u00fcr Gewerbekunden<\/h1><p>Bilder aus einer anderen, spannenden Perspektive, das ist es, was ins Auge sticht, wenn Kunden Ihre Website besuchen oder Ihre Werbung in der Hand halten. Deshalb hat mikro-kopter.net ein Angebot f\u00fcr Sie zusammen gestellt, das Sie \u00fcberzeugen wird.<br \/> Wir kommen terminlich abgestimmt zu Ihnen, besprechen vor Ort welche Punkte angeflogen werden sollen und setzen im Anschluss das Besprochene in die Tat um. Dabei k\u00f6nnen Sie zu jeder Zeit am Boden auf einem Display das Live-Bild des Mikro-Kopters verfolgen. So produzieren wir gemeinsam ihr Bild, wie sie es sich vorstellen \u2013 und das deutlich preiswerter als es mit einem Hubschrauber oder Kleinflugzeug m\u00f6glich ist.<\/p>\n<h3>Leistungen und Preise<\/h3> <table> <tr> <td height=\"250\" valign=\"top\"> Firmenfoto- &amp; Videografie: ab 299,00 \u20ac netto<br \/> \u2022 alle Aufnahmen, die w\u00e4hrend eines 15-20 min\u00fctigen Fluges entstehen, aus bis zu drei verschiedenen Ansichtspunkten<br \/> \u2022 Daten auf CD\/DVD mit uneingeschr\u00e4nktem Nutzungsrecht<br \/> \u2022 Anfahrt bis 25 km frei, Aufpreis je weiterem Fahrkilometer 0,55 \u20ac netto <\/td> <\/tr> <\/table>\n<h3>Fotoabz\u00fcge und Sonderkonditionen<\/h3> <table> <tr> <td height=\"250\" valign=\"top\"> Fotoabz\u00fcge: auf Anfrage<br \/> Sonderkonditionen f\u00fcr Gro\u00dfauftr\u00e4ge: auf Anfrage <\/td> <\/tr> <\/table>\n\n<h3>BEISPIELE F\u00dcR GEWERBLICHE LUFTBILDAUFNAHMEN<\/h3>[gallery ids=\\\"2944,2943,2942,2941,2940,2939,2938,2937,2936,2935,2934,2933,2932,2931,2930,2929\\\"]\n<p><em>Unsere Preise beinhalten die Miete f\u00fcr einen Mikro-Kopter und das Honorar f\u00fcr Pilot und ggf. Kameramann im gebuchten Zeitraum. Flughaftp\u0083ichtversicherung, Betriebshaftp\u0083ichtversicherung sowie Aufstiegsgenehmigungen sind ebenfalls inbegriffen. Bitte beachten Sie, dass wir nicht \u00fcber Menschenansammlungen und gro\u00dfe Wasserfl\u0083\u00e4chen \u0083fliegen.<\/em><\/p>","_links":{"self":[{"href":"https:\/\/medien-partner.net\/web\/wp\/wp-json\/wp\/v2\/pages\/4350","targetHints":{"allow":["GET"]}}],"collection":[{"href":"https:\/\/medien-partner.net\/web\/wp\/wp-json\/wp\/v2\/pages"}],"about":[{"href":"https:\/\/medien-partner.net\/web\/wp\/wp-json\/wp\/v2\/types\/page"}],"author":[{"embeddable":true,"href":"https:\/\/medien-partner.net\/web\/wp\/wp-json\/wp\/v2\/users\/1"}],"replies":[{"embeddable":true,"href":"https:\/\/medien-partner.net\/web\/wp\/wp-json\/wp\/v2\/comments?post=4350"}],"version-history":[{"count":2,"href":"https:\/\/medien-partner.net\/web\/wp\/wp-json\/wp\/v2\/pages\/4350\/revisions"}],"predecessor-version":[{"id":4502,"href":"https:\/\/medien-partner.net\/web\/wp\/wp-json\/wp\/v2\/pages\/4350\/revisions\/4502"}],"wp:attachment":[{"href":"https:\/\/medien-partner.net\/web\/wp\/wp-json\/wp\/v2\/media?parent=4350"}],"curies":[{"name":"wp","href":"https:\/\/api.w.org\/{rel}","templated":true}]}}